{"id":16,"date":"2022-04-12T08:59:07","date_gmt":"2022-04-12T08:59:07","guid":{"rendered":"https:\/\/zenergycom.com\/fr\/?page_id=16"},"modified":"2022-12-19T19:26:26","modified_gmt":"2022-12-19T19:26:26","slug":"about-us","status":"publish","type":"page","link":"https:\/\/zenergycom.com\/fr\/about-us\/","title":{"rendered":"About Us"},"content":{"rendered":"\t\t<div data-elementor-type=\"wp-page\" data-elementor-id=\"16\" class=\"elementor elementor-16\" data-elementor-post-type=\"page\">\n\t\t\t\t\t\t\t\t\t<section class=\"elementor-section elementor-top-section elementor-element elementor-element-17b43e08 about-page-content elementor-section-boxed elementor-section-height-default elementor-section-height-default\" data-id=\"17b43e08\" data-element_type=\"section\">\n\t\t\t\t\t\t<div class=\"elementor-container elementor-column-gap-default\">\n\t\t\t\t\t<div class=\"elementor-column elementor-col-100 elementor-top-column elementor-element elementor-element-6319fac2\" data-id=\"6319fac2\" data-element_type=\"column\">\n\t\t\t<div class=\"elementor-widget-wrap elementor-element-populated\">\n\t\t\t\t\t\t\t\t<div class=\"elementor-element elementor-element-8197acd elementor-widget elementor-widget-heading\" data-id=\"8197acd\" data-element_type=\"widget\" data-widget_type=\"heading.default\">\n\t\t\t\t<div class=\"elementor-widget-container\">\n\t\t\t<style>\/*! elementor - v3.18.0 - 20-12-2023 *\/\n.elementor-heading-title{padding:0;margin:0;line-height:1}.elementor-widget-heading .elementor-heading-title[class*=elementor-size-]>a{color:inherit;font-size:inherit;line-height:inherit}.elementor-widget-heading .elementor-heading-title.elementor-size-small{font-size:15px}.elementor-widget-heading .elementor-heading-title.elementor-size-medium{font-size:19px}.elementor-widget-heading .elementor-heading-title.elementor-size-large{font-size:29px}.elementor-widget-heading .elementor-heading-title.elementor-size-xl{font-size:39px}.elementor-widget-heading .elementor-heading-title.elementor-size-xxl{font-size:59px}<\/style><h2 class=\"elementor-heading-title elementor-size-default\">Qui nous sommes.<\/h2>\t\t<\/div>\n\t\t\t\t<\/div>\n\t\t\t\t<div class=\"elementor-element elementor-element-7fcaabd elementor-hidden-tablet elementor-hidden-mobile elementor-widget elementor-widget-text-editor\" data-id=\"7fcaabd\" data-element_type=\"widget\" data-widget_type=\"text-editor.default\">\n\t\t\t\t<div class=\"elementor-widget-container\">\n\t\t\t<style>\/*! elementor - v3.18.0 - 20-12-2023 *\/\n.elementor-widget-text-editor.elementor-drop-cap-view-stacked .elementor-drop-cap{background-color:#69727d;color:#fff}.elementor-widget-text-editor.elementor-drop-cap-view-framed .elementor-drop-cap{color:#69727d;border:3px solid;background-color:transparent}.elementor-widget-text-editor:not(.elementor-drop-cap-view-default) .elementor-drop-cap{margin-top:8px}.elementor-widget-text-editor:not(.elementor-drop-cap-view-default) .elementor-drop-cap-letter{width:1em;height:1em}.elementor-widget-text-editor .elementor-drop-cap{float:left;text-align:center;line-height:1;font-size:50px}.elementor-widget-text-editor .elementor-drop-cap-letter{display:inline-block}<\/style>\t\t\t\t<p>Communications Zenergy est une agence de marketing et de communication multilingue offrant un service complet. Elle assure le succ\u00e8s gr\u00e2ce \u00e0 un contenu novateur et int\u00e9gr\u00e9 ainsi qu\u2019\u00e0 des initiatives cr\u00e9atives. Notre \u00e9quipe est sp\u00e9cialis\u00e9e dans les relations publiques et m\u00e9diatiques, la strat\u00e9gie de marque, le design cr\u00e9atif et la promotion. Nous sommes passionn\u00e9s par la mise en \u0153uvre de strat\u00e9gies ax\u00e9es sur la compr\u00e9hension des besoins du consommateur et par l&#8217;impact durable que vos communications auront sur votre client\u00e8le potentielle, gr\u00e2ce \u00e0 des campagnes originales et attrayantes.<\/p>\t\t\t\t\t\t<\/div>\n\t\t\t\t<\/div>\n\t\t\t\t<div class=\"elementor-element elementor-element-1c1fd8a elementor-hidden-tablet elementor-hidden-mobile elementor-widget elementor-widget-text-editor\" data-id=\"1c1fd8a\" data-element_type=\"widget\" data-widget_type=\"text-editor.default\">\n\t\t\t\t<div class=\"elementor-widget-container\">\n\t\t\t\t\t\t\tNous allons au-del\u00e0 des traditions, parce que nous tenons \u00e0 fournir des services de communication-marketing sans fronti\u00e8res. Nous sommes passionn\u00e9s par l\u2019accroche narrative de marque, qui privil\u00e9gie la pertinence du contenu et la cr\u00e9ativit\u00e9, pour positionner avantageusement votre marque, accro\u00eetre votre notori\u00e9t\u00e9 et favoriser l\u2019atteinte de r\u00e9sultats concrets.\t\t\t\t\t\t<\/div>\n\t\t\t\t<\/div>\n\t\t\t\t<div class=\"elementor-element elementor-element-0b37679 elementor-hidden-desktop elementor-widget elementor-widget-text-editor\" data-id=\"0b37679\" data-element_type=\"widget\" data-widget_type=\"text-editor.default\">\n\t\t\t\t<div class=\"elementor-widget-container\">\n\t\t\t\t\t\t\tCommunications Zenergy est une agence de marketing et de communication multilingue offrant un service complet. Elle assure le succ\u00e8s gr\u00e2ce \u00e0 un contenu novateur et int\u00e9gr\u00e9 ainsi qu\u2019\u00e0 des initiatives cr\u00e9atives. Notre \u00e9quipe est sp\u00e9cialis\u00e9e dans les relations publiques et m\u00e9diatiques, la strat\u00e9gie de marque, le design cr\u00e9atif et la promotion. Nous sommes passionn\u00e9s par la mise en \u0153uvre de strat\u00e9gies ax\u00e9es sur la compr\u00e9hension des besoins du consommateur et par l&#8217;impact durable que vos communications auront sur votre client\u00e8le potentielle, gr\u00e2ce \u00e0 des campagnes originales et attrayantes.\t\t\t\t\t\t<\/div>\n\t\t\t\t<\/div>\n\t\t\t\t<div class=\"elementor-element elementor-element-062b398 elementor-hidden-desktop elementor-widget elementor-widget-text-editor\" data-id=\"062b398\" data-element_type=\"widget\" data-widget_type=\"text-editor.default\">\n\t\t\t\t<div class=\"elementor-widget-container\">\n\t\t\t\t\t\t\tNous allons au-del\u00e0 des traditions, parce que nous tenons \u00e0 fournir des services de communication-marketing sans fronti\u00e8res. Nous sommes passionn\u00e9s par l\u2019accroche narrative de marque, qui privil\u00e9gie la pertinence du contenu et la cr\u00e9ativit\u00e9, pour positionner avantageusement votre marque, accro\u00eetre votre notori\u00e9t\u00e9 et favoriser l\u2019atteinte de r\u00e9sultats concrets.\t\t\t\t\t\t<\/div>\n\t\t\t\t<\/div>\n\t\t\t\t<div class=\"elementor-element elementor-element-2c6480e elementor-align-left elementor-widget elementor-widget-button\" data-id=\"2c6480e\" data-element_type=\"widget\" data-widget_type=\"button.default\">\n\t\t\t\t<div class=\"elementor-widget-container\">\n\t\t\t\t\t<div class=\"elementor-button-wrapper\">\n\t\t\t<a class=\"elementor-button elementor-button-link elementor-size-sm\" href=\"https:\/\/zenergycom.com\/fr\/our-team\/\">\n\t\t\t\t\t\t<span class=\"elementor-button-content-wrapper\">\n\t\t\t\t\t\t<span class=\"elementor-button-text\">D\u00e9couvrez notre \u00e9quipe<\/span>\n\t\t<\/span>\n\t\t\t\t\t<\/a>\n\t\t<\/div>\n\t\t\t\t<\/div>\n\t\t\t\t<\/div>\n\t\t\t\t\t<\/div>\n\t\t<\/div>\n\t\t\t\t\t\t\t<\/div>\n\t\t<\/section>\n\t\t\t\t<section class=\"elementor-section elementor-top-section elementor-element elementor-element-a214521 about-page-content about-page-difference elementor-section-boxed elementor-section-height-default elementor-section-height-default\" data-id=\"a214521\" data-element_type=\"section\" data-settings=\"{&quot;background_background&quot;:&quot;classic&quot;}\">\n\t\t\t\t\t\t<div class=\"elementor-container elementor-column-gap-default\">\n\t\t\t\t\t<div class=\"elementor-column elementor-col-50 elementor-top-column elementor-element elementor-element-3a7174e\" data-id=\"3a7174e\" data-element_type=\"column\">\n\t\t\t<div class=\"elementor-widget-wrap elementor-element-populated\">\n\t\t\t\t\t\t\t\t<div class=\"elementor-element elementor-element-38bde94 elementor-widget elementor-widget-heading\" data-id=\"38bde94\" data-element_type=\"widget\" data-widget_type=\"heading.default\">\n\t\t\t\t<div class=\"elementor-widget-container\">\n\t\t\t<h2 class=\"elementor-heading-title elementor-size-default\">La diff\u00e9rence Zenergy.<\/h2>\t\t<\/div>\n\t\t\t\t<\/div>\n\t\t\t\t<div class=\"elementor-element elementor-element-ec84e3d elementor-hidden-tablet elementor-hidden-mobile elementor-widget elementor-widget-text-editor\" data-id=\"ec84e3d\" data-element_type=\"widget\" data-widget_type=\"text-editor.default\">\n\t\t\t\t<div class=\"elementor-widget-container\">\n\t\t\t\t\t\t\tNous nous concentrons sur les caract\u00e9ristiques particuli\u00e8res de votre marque, sur vos buts et vos objectifs d\u2019affaires.\n<br\/>\nLes relations publiques au-del\u00e0 de la coupure de presse<br\/>\nTransparence totale de nos processus de travail<br\/>\nUne responsabilit\u00e9 totale<br\/>\nGestion responsable du budget<br\/>\nEngagement de la direction envers votre compte\t\t\t\t\t\t<\/div>\n\t\t\t\t<\/div>\n\t\t\t\t<div class=\"elementor-element elementor-element-327883d elementor-hidden-desktop elementor-widget elementor-widget-text-editor\" data-id=\"327883d\" data-element_type=\"widget\" data-widget_type=\"text-editor.default\">\n\t\t\t\t<div class=\"elementor-widget-container\">\n\t\t\t\t\t\t\tNous nous concentrons sur les caract\u00e9ristiques particuli\u00e8res de votre marque, sur vos buts et vos objectifs d\u2019affaires. Les relations publiques au-del\u00e0 de la coupure de presse Transparence totale de nos processus de travail Une responsabilit\u00e9 totale\nGestion responsable du budget\nEngagement de la direction envers votre compte\n\t\t\t\t\t\t<\/div>\n\t\t\t\t<\/div>\n\t\t\t\t<div class=\"elementor-element elementor-element-afe9eef elementor-align-left elementor-widget elementor-widget-button\" data-id=\"afe9eef\" data-element_type=\"widget\" data-widget_type=\"button.default\">\n\t\t\t\t<div class=\"elementor-widget-container\">\n\t\t\t\t\t<div class=\"elementor-button-wrapper\">\n\t\t\t<a class=\"elementor-button elementor-button-link elementor-size-sm\" href=\"https:\/\/zenergycom.com\/fr\/contact\/\">\n\t\t\t\t\t\t<span class=\"elementor-button-content-wrapper\">\n\t\t\t\t\t\t<span class=\"elementor-button-text\">Contactez-nous<\/span>\n\t\t<\/span>\n\t\t\t\t\t<\/a>\n\t\t<\/div>\n\t\t\t\t<\/div>\n\t\t\t\t<\/div>\n\t\t\t\t\t<\/div>\n\t\t<\/div>\n\t\t\t\t<div class=\"elementor-column elementor-col-50 elementor-top-column elementor-element elementor-element-7350943 elementor-hidden-tablet elementor-hidden-mobile\" data-id=\"7350943\" data-element_type=\"column\">\n\t\t\t<div class=\"elementor-widget-wrap\">\n\t\t\t\t\t\t\t\t\t<\/div>\n\t\t<\/div>\n\t\t\t\t\t\t\t<\/div>\n\t\t<\/section>\n\t\t\t\t\t\t\t<\/div>\n\t\t","protected":false},"excerpt":{"rendered":"<p>Qui nous sommes. Communications Zenergy est une agence de marketing et de communication multilingue offrant un service complet. Elle assure le succ\u00e8s gr\u00e2ce \u00e0 un contenu novateur et int\u00e9gr\u00e9 ainsi qu\u2019\u00e0 des initiatives cr\u00e9atives. Notre \u00e9quipe est sp\u00e9cialis\u00e9e dans les relations publiques et m\u00e9diatiques, la strat\u00e9gie de marque, le design cr\u00e9atif et la promotion. Nous [&hellip;]<\/p>\n","protected":false},"author":1,"featured_media":0,"parent":0,"menu_order":0,"comment_status":"closed","ping_status":"closed","template":"elementor_header_footer","meta":{"footnotes":""},"class_list":["post-16","page","type-page","status-publish","hentry"],"acf":[],"_links":{"self":[{"href":"https:\/\/zenergycom.com\/fr\/wp-json\/wp\/v2\/pages\/16","targetHints":{"allow":["GET"]}}],"collection":[{"href":"https:\/\/zenergycom.com\/fr\/wp-json\/wp\/v2\/pages"}],"about":[{"href":"https:\/\/zenergycom.com\/fr\/wp-json\/wp\/v2\/types\/page"}],"author":[{"embeddable":true,"href":"https:\/\/zenergycom.com\/fr\/wp-json\/wp\/v2\/users\/1"}],"replies":[{"embeddable":true,"href":"https:\/\/zenergycom.com\/fr\/wp-json\/wp\/v2\/comments?post=16"}],"version-history":[{"count":123,"href":"https:\/\/zenergycom.com\/fr\/wp-json\/wp\/v2\/pages\/16\/revisions"}],"predecessor-version":[{"id":3618,"href":"https:\/\/zenergycom.com\/fr\/wp-json\/wp\/v2\/pages\/16\/revisions\/3618"}],"wp:attachment":[{"href":"https:\/\/zenergycom.com\/fr\/wp-json\/wp\/v2\/media?parent=16"}],"curies":[{"name":"wp","href":"https:\/\/api.w.org\/{rel}","templated":true}]}}