{"id":286,"date":"2022-04-13T11:17:00","date_gmt":"2022-04-13T11:17:00","guid":{"rendered":"https:\/\/zenergycom.com\/fr\/?page_id=286"},"modified":"2022-12-14T08:56:31","modified_gmt":"2022-12-14T08:56:31","slug":"our-team","status":"publish","type":"page","link":"https:\/\/zenergycom.com\/fr\/our-team\/","title":{"rendered":"Our Team"},"content":{"rendered":"\t\t<div data-elementor-type=\"wp-page\" data-elementor-id=\"286\" class=\"elementor elementor-286\" data-elementor-post-type=\"page\">\n\t\t\t\t\t\t\t\t\t<section class=\"elementor-section elementor-top-section elementor-element elementor-element-41311ec team-wrapper elementor-section-boxed elementor-section-height-default elementor-section-height-default\" data-id=\"41311ec\" data-element_type=\"section\">\n\t\t\t\t\t\t<div class=\"elementor-container elementor-column-gap-default\">\n\t\t\t\t\t<div class=\"elementor-column elementor-col-100 elementor-top-column elementor-element elementor-element-07416da\" data-id=\"07416da\" data-element_type=\"column\">\n\t\t\t<div class=\"elementor-widget-wrap elementor-element-populated\">\n\t\t\t\t\t\t\t\t<div class=\"elementor-element elementor-element-57ba299 team-main-title elementor-widget elementor-widget-heading\" data-id=\"57ba299\" data-element_type=\"widget\" data-widget_type=\"heading.default\">\n\t\t\t\t<div class=\"elementor-widget-container\">\n\t\t\t<style>\/*! elementor - v3.18.0 - 20-12-2023 *\/\n.elementor-heading-title{padding:0;margin:0;line-height:1}.elementor-widget-heading .elementor-heading-title[class*=elementor-size-]>a{color:inherit;font-size:inherit;line-height:inherit}.elementor-widget-heading .elementor-heading-title.elementor-size-small{font-size:15px}.elementor-widget-heading .elementor-heading-title.elementor-size-medium{font-size:19px}.elementor-widget-heading .elementor-heading-title.elementor-size-large{font-size:29px}.elementor-widget-heading .elementor-heading-title.elementor-size-xl{font-size:39px}.elementor-widget-heading .elementor-heading-title.elementor-size-xxl{font-size:59px}<\/style><h2 class=\"elementor-heading-title elementor-size-default\">Une \u00e9quipe dynamique de sp\u00e9cialistes du marketing, de strat\u00e8ges en communication, de professionnels des relations publiques et de cr\u00e9ateurs au service de votre r\u00e9ussite.<\/h2>\t\t<\/div>\n\t\t\t\t<\/div>\n\t\t\t\t<div class=\"elementor-element elementor-element-deb733d elementor-widget elementor-widget-shortcode\" data-id=\"deb733d\" data-element_type=\"widget\" data-widget_type=\"shortcode.default\">\n\t\t\t\t<div class=\"elementor-widget-container\">\n\t\t\t\t\t<div class=\"elementor-shortcode\"><div class=\"our-team\"><div class=\"our-team-in\"><ul class=\"our-team-inner-ul\"><li id=\"1\"><div class=\"our-team-inner\"><div class=\"team-image-wrapper\"><a href=\"https:\/\/zenergycom.com\/fr\/team-details\/#LINDAFARHA\"><img decoding=\"async\" src=\"https:\/\/zenergycom.com\/fr\/wp-content\/uploads\/sites\/5\/2022\/04\/team1.jpg\" alt=\"Linda Farha\" ><\/a><\/div><div class=\"team-content-wrapper\" style=\"background-color:#adc0c9\"><h4><a href=\"https:\/\/zenergycom.com\/fr\/team-details\/#LINDAFARHA\">LINDA FARHA<\/a><\/h4><h5>Pr\u00e9sidente-fondatrice<\/h5><\/div><\/div><\/li><li id=\"2\"><div class=\"our-team-inner\"><div class=\"team-image-wrapper\"><a href=\"https:\/\/zenergycom.com\/fr\/team-details\/#SARAHR.\"><img decoding=\"async\" src=\"https:\/\/zenergycom.com\/fr\/wp-content\/uploads\/sites\/5\/2022\/04\/team2.jpg\" alt=\"Sarah Hoodspith\" ><\/a><\/div><div class=\"team-content-wrapper\" style=\"background-color:#dfe5e9\"><h4><a href=\"https:\/\/zenergycom.com\/fr\/team-details\/#SARAHR.\">SARAH R. HOODSPITH<\/a><\/h4><h5>Directrice<\/h5><\/div><\/div><\/li><li id=\"3\"><div class=\"our-team-inner\"><div class=\"team-image-wrapper\"><a href=\"https:\/\/zenergycom.com\/fr\/team-details\/#SHEHLASHAHID\"><img decoding=\"async\" src=\"https:\/\/zenergycom.com\/fr\/wp-content\/uploads\/sites\/5\/2022\/04\/team3.jpg\" alt=\"Shehla Shahid\" ><\/a><\/div><div class=\"team-content-wrapper\" style=\"background-color:#ffffff\"><h4><a href=\"https:\/\/zenergycom.com\/fr\/team-details\/#SHEHLASHAHID\">SHEHLA SHAHID<\/a><\/h4><h5>Directrice artistique principale<\/h5><\/div><\/div><\/li><li id=\"4\"><div class=\"our-team-inner\"><div class=\"team-image-wrapper\"><a href=\"https:\/\/zenergycom.com\/fr\/team-details\/#ISRAELBONEQUI\"><img decoding=\"async\" src=\"https:\/\/zenergycom.com\/fr\/wp-content\/uploads\/sites\/5\/2022\/04\/team5.jpg\" alt=\"Israel Bonequi\" ><\/a><\/div><div class=\"team-content-wrapper\" style=\"background-color:#ffffff\"><h4><a href=\"https:\/\/zenergycom.com\/fr\/team-details\/#ISRAELBONEQUI\">ISRAEL BONEQUI<\/a><\/h4><h5>Directeur artistique, production vid\u00e9o<\/h5><\/div><\/div><\/li><li id=\"5\"><div class=\"our-team-inner\"><div class=\"team-image-wrapper\"><a href=\"https:\/\/zenergycom.com\/fr\/team-details\/#AHMADAL-HIDIQ\"><img decoding=\"async\" src=\"https:\/\/zenergycom.com\/fr\/wp-content\/uploads\/sites\/5\/2022\/04\/4.-ZEN22_Website_About-Us-06.png\" alt=\"\" ><\/a><\/div><div class=\"team-content-wrapper\" style=\"background-color:#adc0c9\"><h4><a href=\"https:\/\/zenergycom.com\/fr\/team-details\/#AHMADAL-HIDIQ\">AHMAD AL-HIDIQ<\/a><\/h4><h5>Gestionnaire principal, num\u00e9rique<\/h5><\/div><\/div><\/li><li id=\"6\"><div class=\"our-team-inner\"><div class=\"team-image-wrapper\"><a href=\"https:\/\/zenergycom.com\/fr\/team-details\/#JEFFMORIN\"><img decoding=\"async\" src=\"https:\/\/zenergycom.com\/fr\/wp-content\/uploads\/sites\/5\/2022\/04\/team7.jpg\" alt=\"Jeff Morin\" ><\/a><\/div><div class=\"team-content-wrapper\" style=\"background-color:#adc0c9\"><h4><a href=\"https:\/\/zenergycom.com\/fr\/team-details\/#JEFFMORIN\">JEFF MORIN<\/a><\/h4><h5>Consultant principal, sp\u00e9cialiste du marketing num\u00e9rique <\/h5><\/div><\/div><\/li><\/ul><\/div><div class=\"our-team-in\"><ul class=\"our-team-inner-ul\"><li id=\"7\"><div class=\"our-team-inner\"><div class=\"team-image-wrapper\"><a href=\"https:\/\/zenergycom.com\/fr\/team-details\/#FRAN\u00c7OISKALOS\"><img decoding=\"async\" src=\"https:\/\/zenergycom.com\/fr\/wp-content\/uploads\/sites\/5\/2023\/04\/FKalos.png\" alt=\"\" ><\/a><\/div><div class=\"team-content-wrapper\" style=\"background-color:#ffffff\"><h4><a href=\"https:\/\/zenergycom.com\/fr\/team-details\/#FRAN\u00c7OISKALOS\">FRAN\u00c7OIS KALOS<\/a><\/h4><h5>Consultant principal, relations avec les investisseurs<\/h5><\/div><\/div><\/li><li id=\"8\"><div class=\"our-team-inner\"><div class=\"team-image-wrapper\"><a href=\"https:\/\/zenergycom.com\/fr\/team-details\/#EDWEISS\"><img decoding=\"async\" src=\"https:\/\/zenergycom.com\/fr\/wp-content\/uploads\/sites\/5\/2022\/04\/team9.jpg\" alt=\"Ed Weiss\" ><\/a><\/div><div class=\"team-content-wrapper\" style=\"background-color:#ffffff\"><h4><a href=\"https:\/\/zenergycom.com\/fr\/team-details\/#EDWEISS\">ED WEISS<\/a><\/h4><h5>Consultant principal, strat\u00e8ge m\u00e9dia<\/h5><\/div><\/div><\/li><li id=\"9\"><div class=\"our-team-inner\"><div class=\"team-image-wrapper\"><a href=\"https:\/\/zenergycom.com\/fr\/team-details\/#SYLVAINTURNER\"><img decoding=\"async\" src=\"https:\/\/zenergycom.com\/fr\/wp-content\/uploads\/sites\/5\/2022\/04\/team10.jpg\" alt=\"Sylvain Turner\" ><\/a><\/div><div class=\"team-content-wrapper\" style=\"background-color:#dfe5e9\"><h4><a href=\"https:\/\/zenergycom.com\/fr\/team-details\/#SYLVAINTURNER\">SYLVAIN TURNER<\/a><\/h4><h5>Consultant principal, d\u00e9veloppement de contenu en fran\u00e7ais<\/h5><\/div><\/div><\/li><li id=\"10\"><div class=\"our-team-inner\"><div class=\"team-image-wrapper\"><a href=\"https:\/\/zenergycom.com\/fr\/team-details\/#MARIEBACH\"><img decoding=\"async\" src=\"https:\/\/zenergycom.com\/fr\/wp-content\/uploads\/sites\/5\/2022\/04\/team11.jpg\" alt=\"Marie Bach\" ><\/a><\/div><div class=\"team-content-wrapper\" style=\"background-color:#dfe5e9\"><h4><a href=\"https:\/\/zenergycom.com\/fr\/team-details\/#MARIEBACH\">MARIE BACH<\/a><\/h4><h5>Contr\u00f4leuse<\/h5><\/div><\/div><\/li><li id=\"11\"><div class=\"our-team-inner\"><div class=\"team-image-wrapper\"><a href=\"https:\/\/zenergycom.com\/fr\/team-details\/#FELICIABOTTOS\"><img decoding=\"async\" src=\"https:\/\/zenergycom.com\/fr\/wp-content\/uploads\/sites\/5\/2022\/12\/Felicia_Bottos.jpg\" alt=\"\" ><\/a><\/div><div class=\"team-content-wrapper\" style=\"background-color:\"><h4><a href=\"https:\/\/zenergycom.com\/fr\/team-details\/#FELICIABOTTOS\">FELICIA BOTTOS<\/a><\/h4><h5>Coordonnatrice de comptes<\/h5><\/div><\/div><\/li><li id=\"12\"><div class=\"our-team-inner\"><div class=\"team-image-wrapper\"><a href=\"https:\/\/zenergycom.com\/fr\/team-details\/#ELSPETHPOULSON\"><img decoding=\"async\" src=\"https:\/\/zenergycom.com\/fr\/wp-content\/uploads\/sites\/5\/2023\/07\/Elspeth-Poulson.jpg\" alt=\"\" ><\/a><\/div><div class=\"team-content-wrapper\" style=\"background-color:#ffffff\"><h4><a href=\"https:\/\/zenergycom.com\/fr\/team-details\/#ELSPETHPOULSON\">ELSPETH POULSON<\/a><\/h4><h5>Coordonnatrice principale de projet<\/h5><\/div><\/div><\/li><\/ul><\/div><div class=\"our-team-in\"><ul class=\"our-team-inner-ul\"><\/ul><\/div><\/div><\/div>\n\t\t\t\t<\/div>\n\t\t\t\t<\/div>\n\t\t\t\t<div class=\"elementor-element elementor-element-1973897 elementor-hidden-desktop elementor-hidden-tablet elementor-hidden-mobile elementor-widget elementor-widget-html\" data-id=\"1973897\" data-element_type=\"widget\" data-widget_type=\"html.default\">\n\t\t\t\t<div class=\"elementor-widget-container\">\n\t\t\t<div class=\"our-team\">\r\n    <div class=\"our-team-in\">\r\n      <div class=\"our-team-inner\" style=\"background:#dfe5e9;\">\r\n          <div class=\"team-image-wrapper\">\r\n              <img decoding=\"async\" src=\"https:\/\/zenergycom.com\/wp-content\/uploads\/2022\/04\/team1.jpg\" alt=\"Image\">\r\n          <\/div>\r\n          <div class=\"team-content-wrapper\">\r\n              <h4>Linda Farha<\/h4>\r\n              <h5>President<\/h5>\r\n          <\/div>\r\n      <\/div>\r\n      <div class=\"our-team-inner\" style=\"background:#dfe5e9;\">\r\n          <div class=\"team-image-wrapper\">\r\n              <img decoding=\"async\" src=\"https:\/\/zenergycom.com\/wp-content\/uploads\/2022\/04\/team2.jpg\" alt=\"Image\">\r\n          <\/div>\r\n          <div class=\"team-content-wrapper\">\r\n              <h4>Sarah Hoodspith<\/h4>\r\n              <h5>Director<\/h5>\r\n          <\/div>\r\n      <\/div>\r\n      <div class=\"our-team-inner our-team-inner-new\" style=\"background:#dfe5e9;\">\r\n          <div class=\"team-image-wrapper\">\r\n              <img decoding=\"async\" src=\"https:\/\/zenergycom.com\/wp-content\/uploads\/2022\/04\/team3.jpg\" alt=\"Image\">\r\n          <\/div>\r\n          <div class=\"team-content-wrapper\">\r\n              <h4>Shehla Shahid<\/h4>\r\n              <h5>Art Director<\/h5>\r\n          <\/div>\r\n      <\/div>\r\n      <div class=\"our-team-inner our-team-inner-new\" style=\"background:#dfe5e9;\">\r\n          <div class=\"team-image-wrapper\">\r\n              <img decoding=\"async\" src=\"https:\/\/zenergycom.com\/wp-content\/uploads\/2022\/04\/team4.jpg\" alt=\"Image\">\r\n          <\/div>\r\n          <div class=\"team-content-wrapper\">\r\n              <h4>Veronica Low<\/h4>\r\n              <h5>Senior Consultant, Content<\/h5>\r\n          <\/div>\r\n      <\/div>\r\n      <div class=\"our-team-inner\" style=\"background:#dfe5e9;\">\r\n          <div class=\"team-image-wrapper\">\r\n              <img decoding=\"async\" src=\"https:\/\/zenergycom.com\/wp-content\/uploads\/2022\/04\/team5.jpg\" alt=\"Image\">\r\n          <\/div>\r\n          <div class=\"team-content-wrapper\">\r\n              <h4>Israel Bonequi<\/h4>\r\n              <h5>Creative Director<\/h5>\r\n          <\/div>\r\n      <\/div>\r\n      <div class=\"our-team-inner\" style=\"background:#dfe5e9;\">\r\n          <div class=\"team-image-wrapper\">\r\n              <img decoding=\"async\" src=\"https:\/\/zenergycom.com\/wp-content\/uploads\/2022\/04\/team6.jpg\" alt=\"Image\">\r\n          <\/div>\r\n          <div class=\"team-content-wrapper\">\r\n              <h4>Ahmad Al-Hidiq<\/h4>\r\n              <h5>Senior Manager, digital<\/h5>\r\n          <\/div>\r\n      <\/div>\r\n      <div class=\"our-team-inner our-team-inner-new\" style=\"background:#dfe5e9;\">\r\n          <div class=\"team-image-wrapper\">\r\n              <img decoding=\"async\" src=\"https:\/\/zenergycom.com\/wp-content\/uploads\/2022\/04\/team7.jpg\" alt=\"Image\">\r\n          <\/div>\r\n          <div class=\"team-content-wrapper\">\r\n              <h4>Jeff Morin<\/h4>\r\n              <h5>Senior Manager, SEM<\/h5>\r\n          <\/div>\r\n      <\/div>\r\n      <div class=\"our-team-inner our-team-inner-new\" style=\"background:#dfe5e9;\">\r\n          <div class=\"team-image-wrapper\">\r\n              <img decoding=\"async\" src=\"https:\/\/zenergycom.com\/wp-content\/uploads\/2022\/04\/team8.jpg\" alt=\"Image\">\r\n          <\/div>\r\n          <div class=\"team-content-wrapper\">\r\n              <h4>Shubi Sinha<\/h4>\r\n              <h5>Account Coordinator<\/h5>\r\n          <\/div>\r\n      <\/div>\r\n      <div class=\"our-team-inner\" style=\"background:#dfe5e9;\">\r\n          <div class=\"team-image-wrapper\">\r\n              <img decoding=\"async\" src=\"https:\/\/zenergycom.com\/wp-content\/uploads\/2022\/04\/team9.jpg\" alt=\"Image\">\r\n          <\/div>\r\n          <div class=\"team-content-wrapper\">\r\n              <h4>Ed Weiss<\/h4>\r\n              <h5>Senior Consultant, Media Buying<\/h5>\r\n          <\/div>\r\n      <\/div>\r\n      <div class=\"our-team-inner\" style=\"background:#dfe5e9;\">\r\n          <div class=\"team-image-wrapper\">\r\n              <img decoding=\"async\" src=\"https:\/\/zenergycom.com\/wp-content\/uploads\/2022\/04\/team10.jpg\" alt=\"Image\">\r\n          <\/div>\r\n          <div class=\"team-content-wrapper\">\r\n              <h4>Sylvain Turner<\/h4>\r\n              <h5>French Copywriter<\/h5>\r\n          <\/div>\r\n      <\/div>\r\n      <div class=\"our-team-inner our-team-inner-new\" style=\"background:#dfe5e9;\">\r\n          <div class=\"team-image-wrapper\">\r\n              <img decoding=\"async\" src=\"https:\/\/zenergycom.com\/wp-content\/uploads\/2022\/04\/team11.jpg\" alt=\"Image\">\r\n          <\/div>\r\n          <div class=\"team-content-wrapper\">\r\n              <h4>Marie Bach<\/h4>\r\n              <h5>Controller<\/h5>\r\n          <\/div>\r\n      <\/div>\r\n      <div class=\"our-team-inner our-team-inner-new\" style=\"background:#dfe5e9;\">\r\n          <div class=\"team-image-wrapper\">\r\n              <img decoding=\"async\" src=\"https:\/\/zenergycom.com\/wp-content\/uploads\/2022\/04\/team12.jpg\" alt=\"Image\">\r\n          <\/div>\r\n          <div class=\"team-content-wrapper\">\r\n              <h4>Beverly Brooks<\/h4>\r\n              <h5>Senior Consultant, Financial Communications<\/h5>\r\n          <\/div>\r\n      <\/div>\r\n    <\/div>\r\n<\/div>\r\n\t\t<\/div>\n\t\t\t\t<\/div>\n\t\t\t\t\t<\/div>\n\t\t<\/div>\n\t\t\t\t\t\t\t<\/div>\n\t\t<\/section>\n\t\t\t\t\t\t\t<\/div>\n\t\t","protected":false},"excerpt":{"rendered":"<p>Une \u00e9quipe dynamique de sp\u00e9cialistes du marketing, de strat\u00e8ges en communication, de professionnels des relations publiques et de cr\u00e9ateurs au service de votre r\u00e9ussite. Linda Farha President Sarah Hoodspith Director Shehla Shahid Art Director Veronica Low Senior Consultant, Content Israel Bonequi Creative Director Ahmad Al-Hidiq Senior Manager, digital Jeff Morin Senior Manager, SEM Shubi Sinha [&hellip;]<\/p>\n","protected":false},"author":1,"featured_media":0,"parent":0,"menu_order":0,"comment_status":"closed","ping_status":"closed","template":"elementor_header_footer","meta":{"footnotes":""},"class_list":["post-286","page","type-page","status-publish","hentry"],"acf":[],"_links":{"self":[{"href":"https:\/\/zenergycom.com\/fr\/wp-json\/wp\/v2\/pages\/286","targetHints":{"allow":["GET"]}}],"collection":[{"href":"https:\/\/zenergycom.com\/fr\/wp-json\/wp\/v2\/pages"}],"about":[{"href":"https:\/\/zenergycom.com\/fr\/wp-json\/wp\/v2\/types\/page"}],"author":[{"embeddable":true,"href":"https:\/\/zenergycom.com\/fr\/wp-json\/wp\/v2\/users\/1"}],"replies":[{"embeddable":true,"href":"https:\/\/zenergycom.com\/fr\/wp-json\/wp\/v2\/comments?post=286"}],"version-history":[{"count":130,"href":"https:\/\/zenergycom.com\/fr\/wp-json\/wp\/v2\/pages\/286\/revisions"}],"predecessor-version":[{"id":3523,"href":"https:\/\/zenergycom.com\/fr\/wp-json\/wp\/v2\/pages\/286\/revisions\/3523"}],"wp:attachment":[{"href":"https:\/\/zenergycom.com\/fr\/wp-json\/wp\/v2\/media?parent=286"}],"curies":[{"name":"wp","href":"https:\/\/api.w.org\/{rel}","templated":true}]}}